{"id":57,"date":"2023-11-25T21:07:19","date_gmt":"2023-11-25T20:07:19","guid":{"rendered":"http:\/\/cdtirff.cluster029.hosting.ovh.net\/?page_id=57"},"modified":"2023-12-04T21:38:04","modified_gmt":"2023-12-04T20:38:04","slug":"notre-mission","status":"publish","type":"page","link":"https:\/\/www.cdtir82.fr\/index.php\/homepage\/notre-mission\/","title":{"rendered":"Notre mission"},"content":{"rendered":"\n<p><\/p>\n\n\n\n<p>Le Comit\u00e9 D\u00e9partemental de Tir de Tarn et Garonne constitue l\u2019\u00e9chelon d\u00e9partemental entre les associations locales de Tir et la Ligue Midi Pyr\u00e9n\u00e9es. Il est essentiellement un organisme technique de liaison et de coordination.<\/p>\n\n\n\n<p>Ses activit\u00e9s et les disciplines qu\u2019il contr\u00f4le sont celles d\u00e9finies par les statuts et le r\u00e8glement int\u00e9rieur de la F\u00e9d\u00e9ration Fran\u00e7aise de Tir, ainsi que par ses r\u00e8glements sportifs en vigueur.<\/p>\n\n\n\n<p>De ce fait, il a notamment pour but de coordonner sur le plan d\u00e9partemental les activit\u00e9s des Soci\u00e9t\u00e9s de Tir affili\u00e9es \u00e0 la F\u00e9d\u00e9ration Fran\u00e7aise de Tir, d\u2019encourager leurs efforts, de les conseiller, d\u2019appuyer leurs d\u00e9marches et de les repr\u00e9senter en cas de besoin aupr\u00e8s des autorit\u00e9s locales ou d\u00e9partementales, d\u2019aider au d\u00e9veloppement du Tir dans le d\u00e9partement en facilitant la cr\u00e9ation de soci\u00e9t\u00e9s nouvelles.<\/p>\n\n\n\n<p>Le CDTir 82 coordonne les Championnats d\u00e9partementaux, toutes disciplines. Il attribue les challenges, prix et autres r\u00e9compenses.<\/p>\n\n\n\n<div style=\"height:100px\" aria-hidden=\"true\" class=\"wp-block-spacer\"><\/div>\n\n\n\n<div class=\"wp-block-buttons is-content-justification-center is-layout-flex wp-container-core-buttons-is-layout-a89b3969 wp-block-buttons-is-layout-flex\">\n<div class=\"wp-block-button\"><a class=\"wp-block-button__link wp-element-button\" href=\"https:\/\/www.cdtir82.fr\">retour accueil<\/a><\/div>\n<\/div>\n\n\n\n<div style=\"height:100px\" aria-hidden=\"true\" class=\"wp-block-spacer\"><\/div>\n","protected":false},"excerpt":{"rendered":"<p>Le Comit\u00e9 D\u00e9partemental de Tir de Tarn et Garonne constitue l\u2019\u00e9chelon d\u00e9partemental entre les associations locales de Tir et la Ligue Midi Pyr\u00e9n\u00e9es. Il est essentiellement un organisme technique de &hellip; <\/p>\n<p class=\"link-more\"><a href=\"https:\/\/www.cdtir82.fr\/index.php\/homepage\/notre-mission\/\" class=\"more-link\">Lire la suite de<span class=\"screen-reader-text\">\u00ab\u00a0Notre mission\u00a0\u00bb<\/span><\/a><\/p>\n","protected":false},"author":1,"featured_media":0,"parent":25,"menu_order":0,"comment_status":"closed","ping_status":"closed","template":"","meta":{"footnotes":""},"class_list":["post-57","page","type-page","status-publish","hentry"],"yoast_head":"<!-- This site is optimized with the Yoast SEO plugin v27.4 - https:\/\/yoast.com\/product\/yoast-seo-wordpress\/ -->\n<title>Notre mission - Cdtir82<\/title>\n<meta name=\"robots\" content=\"index, follow, max-snippet:-1, max-image-preview:large, max-video-preview:-1\" \/>\n<link rel=\"canonical\" href=\"https:\/\/www.cdtir82.fr\/index.php\/homepage\/notre-mission\/\" \/>\n<meta property=\"og:locale\" content=\"fr_FR\" \/>\n<meta property=\"og:type\" content=\"article\" \/>\n<meta property=\"og:title\" content=\"Notre mission - Cdtir82\" \/>\n<meta property=\"og:description\" content=\"Le Comit\u00e9 D\u00e9partemental de Tir de Tarn et Garonne constitue l\u2019\u00e9chelon d\u00e9partemental entre les associations locales de Tir et la Ligue Midi Pyr\u00e9n\u00e9es. Il est essentiellement un organisme technique de &hellip; Lire la suite de\u00ab\u00a0Notre mission\u00a0\u00bb\" \/>\n<meta property=\"og:url\" content=\"https:\/\/www.cdtir82.fr\/index.php\/homepage\/notre-mission\/\" \/>\n<meta property=\"og:site_name\" content=\"Cdtir82\" \/>\n<meta property=\"article:publisher\" content=\"https:\/\/www.facebook.com\/profile.php?id=61552793226125&amp;locale=fr_FR\" \/>\n<meta property=\"article:modified_time\" content=\"2023-12-04T20:38:04+00:00\" \/>\n<meta name=\"twitter:card\" content=\"summary_large_image\" \/>\n<meta name=\"twitter:label1\" content=\"Dur\u00e9e de lecture estim\u00e9e\" \/>\n\t<meta name=\"twitter:data1\" content=\"1 minute\" \/>\n<script type=\"application\/ld+json\" class=\"yoast-schema-graph\">{\"@context\":\"https:\\\/\\\/schema.org\",\"@graph\":[{\"@type\":\"WebPage\",\"@id\":\"https:\\\/\\\/www.cdtir82.fr\\\/index.php\\\/homepage\\\/notre-mission\\\/\",\"url\":\"https:\\\/\\\/www.cdtir82.fr\\\/index.php\\\/homepage\\\/notre-mission\\\/\",\"name\":\"Notre mission - Cdtir82\",\"isPartOf\":{\"@id\":\"https:\\\/\\\/www.cdtir82.fr\\\/#website\"},\"datePublished\":\"2023-11-25T20:07:19+00:00\",\"dateModified\":\"2023-12-04T20:38:04+00:00\",\"breadcrumb\":{\"@id\":\"https:\\\/\\\/www.cdtir82.fr\\\/index.php\\\/homepage\\\/notre-mission\\\/#breadcrumb\"},\"inLanguage\":\"fr-FR\",\"potentialAction\":[{\"@type\":\"ReadAction\",\"target\":[\"https:\\\/\\\/www.cdtir82.fr\\\/index.php\\\/homepage\\\/notre-mission\\\/\"]}]},{\"@type\":\"BreadcrumbList\",\"@id\":\"https:\\\/\\\/www.cdtir82.fr\\\/index.php\\\/homepage\\\/notre-mission\\\/#breadcrumb\",\"itemListElement\":[{\"@type\":\"ListItem\",\"position\":1,\"name\":\"Accueil\",\"item\":\"https:\\\/\\\/www.cdtir82.fr\\\/\"},{\"@type\":\"ListItem\",\"position\":2,\"name\":\"Accueil\",\"item\":\"https:\\\/\\\/www.cdtir82.fr\\\/\"},{\"@type\":\"ListItem\",\"position\":3,\"name\":\"Notre mission\"}]},{\"@type\":\"WebSite\",\"@id\":\"https:\\\/\\\/www.cdtir82.fr\\\/#website\",\"url\":\"https:\\\/\\\/www.cdtir82.fr\\\/\",\"name\":\"Cdtir82\",\"description\":\"\",\"publisher\":{\"@id\":\"https:\\\/\\\/www.cdtir82.fr\\\/#organization\"},\"potentialAction\":[{\"@type\":\"SearchAction\",\"target\":{\"@type\":\"EntryPoint\",\"urlTemplate\":\"https:\\\/\\\/www.cdtir82.fr\\\/?s={search_term_string}\"},\"query-input\":{\"@type\":\"PropertyValueSpecification\",\"valueRequired\":true,\"valueName\":\"search_term_string\"}}],\"inLanguage\":\"fr-FR\"},{\"@type\":\"Organization\",\"@id\":\"https:\\\/\\\/www.cdtir82.fr\\\/#organization\",\"name\":\"Cdtir82\",\"url\":\"https:\\\/\\\/www.cdtir82.fr\\\/\",\"logo\":{\"@type\":\"ImageObject\",\"inLanguage\":\"fr-FR\",\"@id\":\"https:\\\/\\\/www.cdtir82.fr\\\/#\\\/schema\\\/logo\\\/image\\\/\",\"url\":\"https:\\\/\\\/www.cdtir82.fr\\\/wp-content\\\/uploads\\\/2023\\\/11\\\/logo.png\",\"contentUrl\":\"https:\\\/\\\/www.cdtir82.fr\\\/wp-content\\\/uploads\\\/2023\\\/11\\\/logo.png\",\"width\":1600,\"height\":1600,\"caption\":\"Cdtir82\"},\"image\":{\"@id\":\"https:\\\/\\\/www.cdtir82.fr\\\/#\\\/schema\\\/logo\\\/image\\\/\"},\"sameAs\":[\"https:\\\/\\\/www.facebook.com\\\/profile.php?id=61552793226125&locale=fr_FR\"]}]}<\/script>\n<!-- \/ Yoast SEO plugin. -->","yoast_head_json":{"title":"Notre mission - Cdtir82","robots":{"index":"index","follow":"follow","max-snippet":"max-snippet:-1","max-image-preview":"max-image-preview:large","max-video-preview":"max-video-preview:-1"},"canonical":"https:\/\/www.cdtir82.fr\/index.php\/homepage\/notre-mission\/","og_locale":"fr_FR","og_type":"article","og_title":"Notre mission - Cdtir82","og_description":"Le Comit\u00e9 D\u00e9partemental de Tir de Tarn et Garonne constitue l\u2019\u00e9chelon d\u00e9partemental entre les associations locales de Tir et la Ligue Midi Pyr\u00e9n\u00e9es. Il est essentiellement un organisme technique de &hellip; Lire la suite de\u00ab\u00a0Notre mission\u00a0\u00bb","og_url":"https:\/\/www.cdtir82.fr\/index.php\/homepage\/notre-mission\/","og_site_name":"Cdtir82","article_publisher":"https:\/\/www.facebook.com\/profile.php?id=61552793226125&locale=fr_FR","article_modified_time":"2023-12-04T20:38:04+00:00","twitter_card":"summary_large_image","twitter_misc":{"Dur\u00e9e de lecture estim\u00e9e":"1 minute"},"schema":{"@context":"https:\/\/schema.org","@graph":[{"@type":"WebPage","@id":"https:\/\/www.cdtir82.fr\/index.php\/homepage\/notre-mission\/","url":"https:\/\/www.cdtir82.fr\/index.php\/homepage\/notre-mission\/","name":"Notre mission - Cdtir82","isPartOf":{"@id":"https:\/\/www.cdtir82.fr\/#website"},"datePublished":"2023-11-25T20:07:19+00:00","dateModified":"2023-12-04T20:38:04+00:00","breadcrumb":{"@id":"https:\/\/www.cdtir82.fr\/index.php\/homepage\/notre-mission\/#breadcrumb"},"inLanguage":"fr-FR","potentialAction":[{"@type":"ReadAction","target":["https:\/\/www.cdtir82.fr\/index.php\/homepage\/notre-mission\/"]}]},{"@type":"BreadcrumbList","@id":"https:\/\/www.cdtir82.fr\/index.php\/homepage\/notre-mission\/#breadcrumb","itemListElement":[{"@type":"ListItem","position":1,"name":"Accueil","item":"https:\/\/www.cdtir82.fr\/"},{"@type":"ListItem","position":2,"name":"Accueil","item":"https:\/\/www.cdtir82.fr\/"},{"@type":"ListItem","position":3,"name":"Notre mission"}]},{"@type":"WebSite","@id":"https:\/\/www.cdtir82.fr\/#website","url":"https:\/\/www.cdtir82.fr\/","name":"Cdtir82","description":"","publisher":{"@id":"https:\/\/www.cdtir82.fr\/#organization"},"potentialAction":[{"@type":"SearchAction","target":{"@type":"EntryPoint","urlTemplate":"https:\/\/www.cdtir82.fr\/?s={search_term_string}"},"query-input":{"@type":"PropertyValueSpecification","valueRequired":true,"valueName":"search_term_string"}}],"inLanguage":"fr-FR"},{"@type":"Organization","@id":"https:\/\/www.cdtir82.fr\/#organization","name":"Cdtir82","url":"https:\/\/www.cdtir82.fr\/","logo":{"@type":"ImageObject","inLanguage":"fr-FR","@id":"https:\/\/www.cdtir82.fr\/#\/schema\/logo\/image\/","url":"https:\/\/www.cdtir82.fr\/wp-content\/uploads\/2023\/11\/logo.png","contentUrl":"https:\/\/www.cdtir82.fr\/wp-content\/uploads\/2023\/11\/logo.png","width":1600,"height":1600,"caption":"Cdtir82"},"image":{"@id":"https:\/\/www.cdtir82.fr\/#\/schema\/logo\/image\/"},"sameAs":["https:\/\/www.facebook.com\/profile.php?id=61552793226125&locale=fr_FR"]}]}},"_links":{"self":[{"href":"https:\/\/www.cdtir82.fr\/index.php\/wp-json\/wp\/v2\/pages\/57","targetHints":{"allow":["GET"]}}],"collection":[{"href":"https:\/\/www.cdtir82.fr\/index.php\/wp-json\/wp\/v2\/pages"}],"about":[{"href":"https:\/\/www.cdtir82.fr\/index.php\/wp-json\/wp\/v2\/types\/page"}],"author":[{"embeddable":true,"href":"https:\/\/www.cdtir82.fr\/index.php\/wp-json\/wp\/v2\/users\/1"}],"replies":[{"embeddable":true,"href":"https:\/\/www.cdtir82.fr\/index.php\/wp-json\/wp\/v2\/comments?post=57"}],"version-history":[{"count":2,"href":"https:\/\/www.cdtir82.fr\/index.php\/wp-json\/wp\/v2\/pages\/57\/revisions"}],"predecessor-version":[{"id":146,"href":"https:\/\/www.cdtir82.fr\/index.php\/wp-json\/wp\/v2\/pages\/57\/revisions\/146"}],"up":[{"embeddable":true,"href":"https:\/\/www.cdtir82.fr\/index.php\/wp-json\/wp\/v2\/pages\/25"}],"wp:attachment":[{"href":"https:\/\/www.cdtir82.fr\/index.php\/wp-json\/wp\/v2\/media?parent=57"}],"curies":[{"name":"wp","href":"https:\/\/api.w.org\/{rel}","templated":true}]}}